{"id":641,"date":"2022-04-11T13:44:09","date_gmt":"2022-04-11T13:44:09","guid":{"rendered":"https:\/\/new.renubero.ch\/?page_id=641"},"modified":"2022-04-11T13:53:07","modified_gmt":"2022-04-11T13:53:07","slug":"impressum","status":"publish","type":"page","link":"https:\/\/renubero.ch\/?page_id=641","title":{"rendered":"Impressum"},"content":{"rendered":"<p>[et_pb_section fb_built=&#8221;1&#8243; _builder_version=&#8221;4.17.0&#8243; _module_preset=&#8221;default&#8221; global_colors_info=&#8221;{}&#8221;][et_pb_row _builder_version=&#8221;4.17.0&#8243; _module_preset=&#8221;default&#8221; background_color=&#8221;rgba(119,119,119,0.16)&#8221; width=&#8221;100%&#8221; max_width=&#8221;1920px&#8221; global_colors_info=&#8221;{}&#8221;][et_pb_column type=&#8221;4_4&#8243; _builder_version=&#8221;4.17.0&#8243; _module_preset=&#8221;default&#8221; global_colors_info=&#8221;{}&#8221;][et_pb_text _builder_version=&#8221;4.17.0&#8243; _module_preset=&#8221;default&#8221; hover_enabled=&#8221;0&#8243; global_colors_info=&#8221;{}&#8221; sticky_enabled=&#8221;0&#8243;]<\/p>\n<h2 style=\"text-align: left; padding-left: 160px;\"><strong>IMPRESSUM<\/strong><\/h2>\n<p>[\/et_pb_text][\/et_pb_column][\/et_pb_row][et_pb_row _builder_version=&#8221;4.17.0&#8243; _module_preset=&#8221;default&#8221; global_colors_info=&#8221;{}&#8221;][et_pb_column type=&#8221;4_4&#8243; _builder_version=&#8221;4.17.0&#8243; _module_preset=&#8221;default&#8221; global_colors_info=&#8221;{}&#8221;][et_pb_text _builder_version=&#8221;4.17.0&#8243; _module_preset=&#8221;default&#8221; hover_enabled=&#8221;0&#8243; global_colors_info=&#8221;{}&#8221; sticky_enabled=&#8221;0&#8243;]<\/p>\n<div class=\"clearfix\">\n<div class=\"vc_row wpb_row vc_row-fluid\">\n<div class=\"wpb_column vc_column_container vc_col-sm-12\">\n<div class=\"wpb_wrapper\">\n<div class=\"wpb_text_column wpb_content_element \">\n<div class=\"wpb_wrapper\">\n<h3 class=\"vc_custom_heading vc_custom_1508939103420\">Verantwortlich f\u00fcr den Inhalt der Seite<\/h3>\n<div class=\"wpb_text_column wpb_content_element vc_custom_1511348850101\">\n<div class=\"wpb_wrapper\">\n<p>RENUBERO AG<br \/>Hauptstrasse 52<br \/>8832 Wollerau<\/p>\n<p><a href=\"mailto:kontakt@renubero.ch\">kontakt@renubero.ch<\/a><br \/><a href=\"tel:+41438185182\">+41 43 818 51 82<\/a><\/p>\n<p><strong>Konzeption, Gestaltung und Umsetzung der Internetseite von B. Truninger<\/strong><\/p>\n<\/div>\n<\/div>\n<h4 class=\"vc_custom_heading vc_custom_1508939335487\">Rechtliche Hinweise<\/h4>\n<div class=\"wpb_text_column wpb_content_element vc_custom_1508940110315\">\n<div class=\"wpb_wrapper\">\n<p>Diese Webseite wird regelm\u00e4ssig aktualisiert. Trotzdem kann keine Garantie f\u00fcr die Korrektheit der Informationen gegeben werden. Alle Angaben sind ohne Gew\u00e4hr und es kann keine Haftung \u00fcbernommen werden. Die Angaben k\u00f6nnen ohne Vorank\u00fcndigung ge\u00e4ndert werden. Durch das Betrachten und Lesen der Webseite kommt kein Vertrag f\u00fcr eine Dienstleistung zwischen dem Nutzer und dem Anbieter zustande. Renubero AG \u00fcbernimmt keine Gew\u00e4hrleistung f\u00fcr die Richtigkeit, Vollst\u00e4ndigkeit und Aktualit\u00e4t des Webseiteninhalts. Die Website von Renubero AG hat Verkn\u00fcpfungen zu Websites Dritter. F\u00fcr die verlinkten Webseiten haftet der jeweilige Betreiber. Renubero AG hat keinen Einfluss auf die Gestaltung und auf die Inhalte der verkn\u00fcpften Seiten. Der Link bedeutet auch nicht, dass Renubero AG mit dem Inhalt der verlinkten Seiten in jedem Fall einverstanden ist.<\/p>\n<h3>Datenschutzerkl\u00e4rung f\u00fcr die Nutzung von Facebook-Plugins (Like-Button)<\/h3>\n<p>Auf unseren Seiten sind Plugins des sozialen Netzwerks Facebook, 1601 South California Avenue, Palo Alto, CA 94304, USA integriert. Die Facebook-Plugins erkennt man am Facebook-Logo oder \u00abLike-Button\u00bb (\u00abGef\u00e4llt mir\u00bb) auf unserer Seite. Eine \u00dcbersicht \u00fcber die Facebook-Plugins findet sich hier:\u00a0<a href=\"http:\/\/developers.facebook.com\/docs\/plugins\/\">http:\/\/developers.facebook.com\/docs\/plugins\/<\/a>.<\/p>\n<p>Wenn Sie unsere Seiten besuchen, wird \u00fcber das Plugin eine direkte Verbindung zwischen Ihrem Browser und dem Facebook-Server hergestellt. Facebook erh\u00e4lt dadurch die Information, dass Sie mit Ihrer IP-Adresse unsere Seite besucht haben. Wenn Sie den Facebook-\u00abLike-Button\u00bb anklicken, w\u00e4hrend Sie in Ihrem Facebook-Account eingeloggt sind, k\u00f6nnen Sie die Inhalte unserer Seiten auf Ihrem Facebook-Profil verlinken. Dadurch kann Facebook den Besuch unserer Seiten Ihrem Benutzerkonto zuordnen. Wir weisen darauf hin, dass wir als Anbieter der Seiten keine Kenntnis vom Inhalt der \u00fcbermittelten Daten sowie deren Nutzung durch Facebook erhalten. Weitere Informationen hierzu finden Sie in der Datenschutzerkl\u00e4rung von facebook unter\u00a0<a href=\"https:\/\/www.facebook.com\/about\/privacy\/\">https:\/\/www.facebook.com\/about\/privacy\/<\/a>.<\/p>\n<p>Wenn Sie nicht w\u00fcnschen, dass Facebook den Besuch unserer Seiten Ihrem Facebook-Nutzerkonto zuordnen kann, loggen Sie sich aus Ihrem Facebook-Benutzerkonto aus.<\/p>\n<h3>Datenschutzerkl\u00e4rung f\u00fcr die Nutzung von Google Analytics<\/h3>\n<p>Diese Website benutzt Google Analytics, einen Webanalysedienst der Google Inc. (\u00abGoogle\u00bb). Google Analytics verwendet sog. \u00abCookies\u00bb, Textdateien, die auf Ihrem Computer gespeichert werden und die eine Analyse der Benutzung der Website durch Sie erm\u00f6glichen. Die durch den Cookie erzeugten Informationen \u00fcber Ihre Benutzung dieser Website werden in der Regel an einen Server von Google in den USA \u00fcbertragen und dort gespeichert. Im Falle der Aktivierung der IP-Anonymisierung auf dieser Webseite wird Ihre IP-Adresse von Google jedoch innerhalb von Mitgliedstaaten der Europ\u00e4ischen Union oder in anderen Vertragsstaaten des Abkommens \u00fcber den Europ\u00e4ischen Wirtschaftsraum zuvor gek\u00fcrzt.<\/p>\n<p>Nur in Ausnahmef\u00e4llen wird die volle IP-Adresse an einen Server von Google in den USA \u00fcbertragen und dort gek\u00fcrzt. Google wird diese Informationen benutzen, um Ihre Nutzung der Website auszuwerten, um Reports \u00fcber die Websiteaktivit\u00e4ten f\u00fcr die Websitebetreiber zusammenzustellen und um weitere mit der Websitenutzung und der Internetnutzung verbundene Dienstleistungen zu erbringen. Auch wird Google diese Informationen gegebenenfalls an Dritte \u00fcbertragen, sofern dies gesetzlich vorgeschrieben oder soweit Dritte diese Daten im Auftrag von Google verarbeiten. Die im Rahmen von Google Analytics von Ihrem Browser \u00fcbermittelte IP-Adresse wird nicht mit anderen Daten von Google zusammengef\u00fchrt.<\/p>\n<p>Sie k\u00f6nnen die Installation der Cookies durch eine entsprechende Einstellung Ihrer Browser-Software verhindern; wir weisen Sie jedoch darauf hin, dass Sie in diesem Fall gegebenenfalls nicht s\u00e4mtliche Funktionen dieser Website vollumf\u00e4nglich nutzen k\u00f6nnen. Durch die Nutzung dieser Website erkl\u00e4ren Sie sich mit der Bearbeitung der \u00fcber Sie erhobenen Daten durch Google in der zuvor beschriebenen Art und Weise und zu dem zuvor benannten Zweck einverstanden.<\/p>\n<p>Dieser Haftungsausschluss ist als Teil des Internetangebotes zu betrachten, von dem aus auf diese Seite verwiesen wurde. Sofern Teile oder einzelne Formulierungen dieses Textes der geltenden Rechtslage nicht, nicht mehr oder nicht vollst\u00e4ndig entsprechen sollten, bleiben die \u00fcbrigen Teile des Dokumentes in ihrem Inhalt und ihrer G\u00fcltigkeit davon unber\u00fchrt.<\/p>\n<\/div>\n<\/div>\n<\/div>\n<\/div>\n<\/div>\n<\/div>\n<\/div>\n<\/div>\n<p>[\/et_pb_text][\/et_pb_column][\/et_pb_row][\/et_pb_section]<\/p>\n","protected":false},"excerpt":{"rendered":"<p>IMPRESSUM Verantwortlich f\u00fcr den Inhalt der Seite RENUBERO AGHauptstrasse 528832 Wollerau kontakt@renubero.ch+41 43 818 51 82 Konzeption, Gestaltung und Umsetzung der Internetseite von B. Truninger Rechtliche Hinweise Diese Webseite wird regelm\u00e4ssig aktualisiert. Trotzdem kann keine Garantie f\u00fcr die Korrektheit der Informationen gegeben werden. Alle Angaben sind ohne Gew\u00e4hr und es kann keine Haftung \u00fcbernommen werden. [&hellip;]<\/p>\n","protected":false},"author":2,"featured_media":0,"parent":0,"menu_order":0,"comment_status":"closed","ping_status":"closed","template":"","meta":{"_et_pb_use_builder":"on","_et_pb_old_content":"","_et_gb_content_width":"","footnotes":""},"_links":{"self":[{"href":"https:\/\/renubero.ch\/index.php?rest_route=\/wp\/v2\/pages\/641"}],"collection":[{"href":"https:\/\/renubero.ch\/index.php?rest_route=\/wp\/v2\/pages"}],"about":[{"href":"https:\/\/renubero.ch\/index.php?rest_route=\/wp\/v2\/types\/page"}],"author":[{"embeddable":true,"href":"https:\/\/renubero.ch\/index.php?rest_route=\/wp\/v2\/users\/2"}],"replies":[{"embeddable":true,"href":"https:\/\/renubero.ch\/index.php?rest_route=%2Fwp%2Fv2%2Fcomments&post=641"}],"version-history":[{"count":5,"href":"https:\/\/renubero.ch\/index.php?rest_route=\/wp\/v2\/pages\/641\/revisions"}],"predecessor-version":[{"id":651,"href":"https:\/\/renubero.ch\/index.php?rest_route=\/wp\/v2\/pages\/641\/revisions\/651"}],"wp:attachment":[{"href":"https:\/\/renubero.ch\/index.php?rest_route=%2Fwp%2Fv2%2Fmedia&parent=641"}],"curies":[{"name":"wp","href":"https:\/\/api.w.org\/{rel}","templated":true}]}}